{"id":1517,"date":"2023-07-04T21:45:24","date_gmt":"2023-07-04T19:45:24","guid":{"rendered":"http:\/\/serwer1781763.home.pl\/gardlox\/?page_id=1517"},"modified":"2023-07-26T17:02:20","modified_gmt":"2023-07-26T15:02:20","slug":"kiedy-do-lekarza","status":"publish","type":"page","link":"https:\/\/gardlox.pl\/?page_id=1517","title":{"rendered":"Kiedy do lekarza, gdy boli gard\u0142o?"},"content":{"rendered":"\t\t<div data-elementor-type=\"wp-page\" data-elementor-id=\"1517\" class=\"elementor elementor-1517\">\n\t\t\t\t\t\t\t\t\t<section class=\"elementor-section elementor-top-section elementor-element elementor-element-53783918 elementor-section-height-min-height elementor-section-boxed elementor-section-height-default elementor-section-items-middle\" data-id=\"53783918\" data-element_type=\"section\" data-settings=\"{&quot;background_background&quot;:&quot;slideshow&quot;,&quot;background_slideshow_gallery&quot;:[{&quot;id&quot;:703,&quot;url&quot;:&quot;http:\\\/\\\/serwer1781763.home.pl\\\/gardlox\\\/wp-content\\\/uploads\\\/2023\\\/05\\\/Slide00.jpg&quot;},{&quot;id&quot;:707,&quot;url&quot;:&quot;http:\\\/\\\/serwer1781763.home.pl\\\/gardlox\\\/wp-content\\\/uploads\\\/2023\\\/05\\\/Slide01-2.jpg&quot;},{&quot;id&quot;:708,&quot;url&quot;:&quot;http:\\\/\\\/serwer1781763.home.pl\\\/gardlox\\\/wp-content\\\/uploads\\\/2023\\\/05\\\/Slide02-2.jpg&quot;},{&quot;id&quot;:600,&quot;url&quot;:&quot;http:\\\/\\\/serwer1781763.home.pl\\\/gardlox\\\/wp-content\\\/uploads\\\/2023\\\/01\\\/Slide03-1.jpg&quot;},{&quot;id&quot;:601,&quot;url&quot;:&quot;http:\\\/\\\/serwer1781763.home.pl\\\/gardlox\\\/wp-content\\\/uploads\\\/2023\\\/01\\\/Slide04-1.jpg&quot;},{&quot;id&quot;:594,&quot;url&quot;:&quot;http:\\\/\\\/serwer1781763.home.pl\\\/gardlox\\\/wp-content\\\/uploads\\\/2023\\\/01\\\/Slide05.jpg&quot;},{&quot;id&quot;:595,&quot;url&quot;:&quot;http:\\\/\\\/serwer1781763.home.pl\\\/gardlox\\\/wp-content\\\/uploads\\\/2023\\\/01\\\/Slide06.jpg&quot;},{&quot;id&quot;:596,&quot;url&quot;:&quot;http:\\\/\\\/serwer1781763.home.pl\\\/gardlox\\\/wp-content\\\/uploads\\\/2023\\\/01\\\/Slide07.jpg&quot;}],&quot;background_slideshow_transition_duration&quot;:400,&quot;background_slideshow_loop&quot;:&quot;yes&quot;,&quot;background_slideshow_slide_duration&quot;:5000,&quot;background_slideshow_slide_transition&quot;:&quot;fade&quot;}\">\n\t\t\t\t\t\t\t<div class=\"elementor-background-overlay\"><\/div>\n\t\t\t\t\t\t\t<div class=\"elementor-container elementor-column-gap-default\">\n\t\t\t\t\t<div class=\"elementor-column elementor-col-50 elementor-top-column elementor-element elementor-element-628ddb84\" data-id=\"628ddb84\" data-element_type=\"column\" data-settings=\"{&quot;background_background&quot;:&quot;slideshow&quot;,&quot;background_slideshow_gallery&quot;:[],&quot;background_slideshow_loop&quot;:&quot;yes&quot;,&quot;background_slideshow_slide_duration&quot;:5000,&quot;background_slideshow_slide_transition&quot;:&quot;fade&quot;,&quot;background_slideshow_transition_duration&quot;:500}\">\n\t\t\t<div class=\"elementor-widget-wrap\">\n\t\t\t\t\t\t\t\t\t<\/div>\n\t\t<\/div>\n\t\t\t\t<div class=\"elementor-column elementor-col-50 elementor-top-column elementor-element elementor-element-7888a389\" data-id=\"7888a389\" data-element_type=\"column\">\n\t\t\t<div class=\"elementor-widget-wrap\">\n\t\t\t\t\t\t\t\t\t<\/div>\n\t\t<\/div>\n\t\t\t\t\t\t\t<\/div>\n\t\t<\/section>\n\t\t\t\t<section class=\"elementor-section elementor-top-section elementor-element elementor-element-46a6be21 elementor-section-boxed elementor-section-height-default elementor-section-height-default\" data-id=\"46a6be21\" data-element_type=\"section\">\n\t\t\t\t\t\t<div class=\"elementor-container elementor-column-gap-default\">\n\t\t\t\t\t<div class=\"elementor-column elementor-col-100 elementor-top-column elementor-element elementor-element-7489de7f\" data-id=\"7489de7f\" data-element_type=\"column\">\n\t\t\t<div class=\"elementor-widget-wrap elementor-element-populated\">\n\t\t\t\t\t\t\t\t<div class=\"elementor-element elementor-element-431402af elementor-widget elementor-widget-heading\" data-id=\"431402af\" data-element_type=\"widget\" data-widget_type=\"heading.default\">\n\t\t\t\t<div class=\"elementor-widget-container\">\n\t\t\t<style>\/*! elementor - v3.13.3 - 28-05-2023 *\/\n.elementor-heading-title{padding:0;margin:0;line-height:1}.elementor-widget-heading .elementor-heading-title[class*=elementor-size-]>a{color:inherit;font-size:inherit;line-height:inherit}.elementor-widget-heading .elementor-heading-title.elementor-size-small{font-size:15px}.elementor-widget-heading .elementor-heading-title.elementor-size-medium{font-size:19px}.elementor-widget-heading .elementor-heading-title.elementor-size-large{font-size:29px}.elementor-widget-heading .elementor-heading-title.elementor-size-xl{font-size:39px}.elementor-widget-heading .elementor-heading-title.elementor-size-xxl{font-size:59px}<\/style><h2 class=\"elementor-heading-title elementor-size-default\">Kiedy do lekarza, gdy boli gard\u0142o?<\/h2>\t\t<\/div>\n\t\t\t\t<\/div>\n\t\t\t\t\t<\/div>\n\t\t<\/div>\n\t\t\t\t\t\t\t<\/div>\n\t\t<\/section>\n\t\t\t\t<section class=\"elementor-section elementor-top-section elementor-element elementor-element-a2a6565 elementor-section-boxed elementor-section-height-default elementor-section-height-default\" data-id=\"a2a6565\" data-element_type=\"section\">\n\t\t\t\t\t\t<div class=\"elementor-container elementor-column-gap-default\">\n\t\t\t\t\t<div class=\"elementor-column elementor-col-100 elementor-top-column elementor-element elementor-element-7324ef40\" data-id=\"7324ef40\" data-element_type=\"column\">\n\t\t\t<div class=\"elementor-widget-wrap elementor-element-populated\">\n\t\t\t\t\t\t\t\t<div class=\"elementor-element elementor-element-5c5d3e6c elementor-widget elementor-widget-text-editor\" data-id=\"5c5d3e6c\" data-element_type=\"widget\" data-widget_type=\"text-editor.default\">\n\t\t\t\t<div class=\"elementor-widget-container\">\n\t\t\t<style>\/*! elementor - v3.13.3 - 28-05-2023 *\/\n.elementor-widget-text-editor.elementor-drop-cap-view-stacked .elementor-drop-cap{background-color:#69727d;color:#fff}.elementor-widget-text-editor.elementor-drop-cap-view-framed .elementor-drop-cap{color:#69727d;border:3px solid;background-color:transparent}.elementor-widget-text-editor:not(.elementor-drop-cap-view-default) .elementor-drop-cap{margin-top:8px}.elementor-widget-text-editor:not(.elementor-drop-cap-view-default) .elementor-drop-cap-letter{width:1em;height:1em}.elementor-widget-text-editor .elementor-drop-cap{float:left;text-align:center;line-height:1;font-size:50px}.elementor-widget-text-editor .elementor-drop-cap-letter{display:inline-block}<\/style>\t\t\t\t<h4>Prawdopodobnie jedn\u0105 z pierwszych my\u015bli pojawiaj\u0105cych si\u0119 w g\u0142owie, gdy zaczyna nas bole\u0107 gard\u0142o jest: przezi\u0119bienie albo grypa. I s\u0142usznie, bowiem zar\u00f3wno jedna, jak i druga przypad\u0142o\u015b\u0107 jest pok\u0142osiem infekcji wirusowej, czyli najcz\u0119\u015bciej wyst\u0119puj\u0105cym infekcjom. Z niew\u0105tpliwych plus\u00f3w, mimo uci\u0105\u017cliwo\u015bci, wi\u0119kszo\u015b\u0107 infekcji wirusowych ust\u0119puje samoistnie.<\/h4>\t\t\t\t\t\t<\/div>\n\t\t\t\t<\/div>\n\t\t\t\t<div class=\"elementor-element elementor-element-7cdfa0d7 elementor-widget elementor-widget-text-editor\" data-id=\"7cdfa0d7\" data-element_type=\"widget\" data-widget_type=\"text-editor.default\">\n\t\t\t\t<div class=\"elementor-widget-container\">\n\t\t\t\t\t\t\t<p>Zdecydowanie rzadsz\u0105 przyczyn\u0105 b\u00f3lu gard\u0142a jest jego zaka\u017cenie bakteryjne, wymagaj\u0105ce bardziej z\u0142o\u017conego leczenia, bowiem mog\u0105ce prowadzi\u0107 do powa\u017cnych powik\u0142a\u0144. Najcz\u0119\u015bciej w gr\u0119 wchodzi konieczna wizyta u lekarza, postawienie diagnozy i rozpocz\u0119cie antybiotykoterapii.<br \/><br \/>Anatomicznie gard\u0142o obejmuje kilka organ\u00f3w: prze\u0142yk, tchawic\u0119, krta\u0144, migda\u0142ki i nag\u0142o\u015bni\u0119. Stan zapalny b\u0119d\u0105cy pochodn\u0105 infekcji obejmuje najcz\u0119\u015bciej krta\u0144 i migda\u0142ki.<\/p>\t\t\t\t\t\t<\/div>\n\t\t\t\t<\/div>\n\t\t\t\t<div class=\"elementor-element elementor-element-6e70720b elementor-widget elementor-widget-image\" data-id=\"6e70720b\" data-element_type=\"widget\" data-widget_type=\"image.default\">\n\t\t\t\t<div class=\"elementor-widget-container\">\n\t\t\t<style>\/*! elementor - v3.13.3 - 28-05-2023 *\/\n.elementor-widget-image{text-align:center}.elementor-widget-image a{display:inline-block}.elementor-widget-image a img[src$=\".svg\"]{width:48px}.elementor-widget-image img{vertical-align:middle;display:inline-block}<\/style>\t\t\t\t\t\t\t\t\t<figure class=\"wp-caption\">\n\t\t\t\t\t\t\t\t\t\t<img loading=\"lazy\" decoding=\"async\" width=\"1920\" height=\"1080\" src=\"https:\/\/gardlox.pl\/wp-content\/uploads\/2023\/07\/post31.png\" class=\"attachment-full size-full wp-image-1522\" alt=\"\" srcset=\"https:\/\/gardlox.pl\/wp-content\/uploads\/2023\/07\/post31.png 1920w, https:\/\/gardlox.pl\/wp-content\/uploads\/2023\/07\/post31-300x169.png 300w, https:\/\/gardlox.pl\/wp-content\/uploads\/2023\/07\/post31-1024x576.png 1024w, https:\/\/gardlox.pl\/wp-content\/uploads\/2023\/07\/post31-768x432.png 768w, https:\/\/gardlox.pl\/wp-content\/uploads\/2023\/07\/post31-1536x864.png 1536w\" sizes=\"auto, (max-width: 1920px) 100vw, 1920px\" \/>\t\t\t\t\t\t\t\t\t\t\t<figcaption class=\"widget-image-caption wp-caption-text\"><\/figcaption>\n\t\t\t\t\t\t\t\t\t\t<\/figure>\n\t\t\t\t\t\t\t\t\t<\/div>\n\t\t\t\t<\/div>\n\t\t\t\t<div class=\"elementor-element elementor-element-1582a73 elementor-widget elementor-widget-text-editor\" data-id=\"1582a73\" data-element_type=\"widget\" data-widget_type=\"text-editor.default\">\n\t\t\t\t<div class=\"elementor-widget-container\">\n\t\t\t\t\t\t\t<h4>Objawy b\u00f3lu gard\u0142a mog\u0105 si\u0119 r\u00f3\u017cni\u0107 w zale\u017cno\u015bci od przyczyny i mog\u0105 obejmowa\u0107:<\/h4><ul><li>B\u00f3l lub drapanie w gardle<\/li><li>B\u00f3l nasilaj\u0105cy si\u0119 podczas po\u0142ykania lub m\u00f3wienia<\/li><li>Trudno\u015bci z po\u0142ykaniem<\/li><li>Bolesne, opuchni\u0119te gruczo\u0142y w szyi lub szcz\u0119ce<\/li><li>Opuchni\u0119te, czerwone migda\u0142ki<\/li><li>Bia\u0142e plamy lub ropa na migda\u0142kach<\/li><li>Ochryp\u0142y lub st\u0142umiony g\u0142os<\/li><\/ul><p>\u00a0<\/p><h4>Infekcje powoduj\u0105ce b\u00f3l gard\u0142a mog\u0105 powodowa\u0107 inne oznaki i objawy, w tym:<\/h4><ul><li>Gor\u0105czka<\/li><li>Kaszel<\/li><li>Katar<\/li><li>Kichanie<\/li><li>B\u00f3le mi\u0119\u015bniowe<\/li><li>B\u00f3l g\u0142owy<\/li><li>Nudno\u015bci lub wymioty<\/li><\/ul>\t\t\t\t\t\t<\/div>\n\t\t\t\t<\/div>\n\t\t\t\t<div class=\"elementor-element elementor-element-28a8c7f1 elementor-widget elementor-widget-text-editor\" data-id=\"28a8c7f1\" data-element_type=\"widget\" data-widget_type=\"text-editor.default\">\n\t\t\t\t<div class=\"elementor-widget-container\">\n\t\t\t\t\t\t\t\t\t\t\t\t\t<\/div>\n\t\t\t\t<\/div>\n\t\t\t\t<div class=\"elementor-element elementor-element-1f773f5d elementor-widget elementor-widget-image\" data-id=\"1f773f5d\" data-element_type=\"widget\" data-widget_type=\"image.default\">\n\t\t\t\t<div class=\"elementor-widget-container\">\n\t\t\t\t\t\t\t\t\t\t\t\t<figure class=\"wp-caption\">\n\t\t\t\t\t\t\t\t\t\t<img loading=\"lazy\" decoding=\"async\" width=\"1920\" height=\"1080\" src=\"https:\/\/gardlox.pl\/wp-content\/uploads\/2023\/06\/post12.png\" class=\"attachment-full size-full wp-image-1156\" alt=\"\" srcset=\"https:\/\/gardlox.pl\/wp-content\/uploads\/2023\/06\/post12.png 1920w, https:\/\/gardlox.pl\/wp-content\/uploads\/2023\/06\/post12-300x169.png 300w, https:\/\/gardlox.pl\/wp-content\/uploads\/2023\/06\/post12-1024x576.png 1024w, https:\/\/gardlox.pl\/wp-content\/uploads\/2023\/06\/post12-768x432.png 768w, https:\/\/gardlox.pl\/wp-content\/uploads\/2023\/06\/post12-1536x864.png 1536w\" sizes=\"auto, (max-width: 1920px) 100vw, 1920px\" \/>\t\t\t\t\t\t\t\t\t\t\t<figcaption class=\"widget-image-caption wp-caption-text\">Zdj\u0119cie z Freepik<\/figcaption>\n\t\t\t\t\t\t\t\t\t\t<\/figure>\n\t\t\t\t\t\t\t\t\t<\/div>\n\t\t\t\t<\/div>\n\t\t\t\t<div class=\"elementor-element elementor-element-ba49ec6 elementor-widget elementor-widget-text-editor\" data-id=\"ba49ec6\" data-element_type=\"widget\" data-widget_type=\"text-editor.default\">\n\t\t\t\t<div class=\"elementor-widget-container\">\n\t\t\t\t\t\t\t<h4>Kiedy do lekarza?<\/h4><p><br \/>Szukaj natychmiastowej pomocy lekarskiej, je\u015bli obserwujesz powa\u017cne objawy (szczeg\u00f3lnie u dziecka), takie jak:<\/p><ul><li>Trudno\u015bci w oddychaniu<\/li><li>Trudno\u015bci z po\u0142ykaniem<\/li><li>Nadmierne \u015blinienie si\u0119, kt\u00f3re mo\u017ce wskazywa\u0107 na niezdolno\u015b\u0107 do po\u0142ykania<\/li><\/ul><p>\u00a0<\/p><h5>Konsultacja lekarska b\u0119dzie r\u00f3wnie\u017c niezb\u0119dna w ka\u017cdym z poni\u017cszych przypadk\u00f3w:<\/h5><ul><li>B\u00f3l gard\u0142a, kt\u00f3ry jest ci\u0119\u017cki lub trwa d\u0142u\u017cej ni\u017c tydzie\u0144<\/li><li>Gor\u0105czka powy\u017cej 38 \u030a Celsjusza<\/li><li>Trudno\u015bci z po\u0142ykaniem<\/li><li>Trudno\u015bci w oddychaniu<\/li><li>Trudno\u015bci w otwieraniu ust<\/li><li>B\u00f3l staw\u00f3w ( lub jednego stawu )<\/li><li>B\u00f3l ucha<\/li><li>Wysypka towarzysz\u0105ca b\u00f3lowi gard\u0142a<\/li><li>Krew w \u015blinie lub flegmie<\/li><li>Cz\u0119sto nawracaj\u0105ce b\u00f3le gard\u0142a<\/li><li>Guz w szyi<\/li><li>Chrypka trwaj\u0105ca d\u0142u\u017cej ni\u017c dwa tygodnie<\/li><li>Obrz\u0119k szyi lub twarzy<\/li><\/ul>\t\t\t\t\t\t<\/div>\n\t\t\t\t<\/div>\n\t\t\t\t\t<\/div>\n\t\t<\/div>\n\t\t\t\t\t\t\t<\/div>\n\t\t<\/section>\n\t\t\t\t\t\t\t<\/div>\n\t\t","protected":false},"excerpt":{"rendered":"<p>Kiedy do lekarza, gdy boli gard\u0142o? Prawdopodobnie jedn\u0105 z pierwszych my\u015bli pojawiaj\u0105cych si\u0119 w g\u0142owie, gdy zaczyna nas bole\u0107 gard\u0142o jest: przezi\u0119bienie albo grypa. I s\u0142usznie, bowiem zar\u00f3wno jedna, jak i druga przypad\u0142o\u015b\u0107 jest pok\u0142osiem infekcji wirusowej, czyli najcz\u0119\u015bciej wyst\u0119puj\u0105cym infekcjom. Z niew\u0105tpliwych plus\u00f3w, mimo uci\u0105\u017cliwo\u015bci, wi\u0119kszo\u015b\u0107 infekcji wirusowych ust\u0119puje samoistnie. Zdecydowanie rzadsz\u0105 przyczyn\u0105 b\u00f3lu [&hellip;]<\/p>\n","protected":false},"author":1,"featured_media":0,"parent":0,"menu_order":0,"comment_status":"closed","ping_status":"closed","template":"elementor_header_footer","meta":{"footnotes":""},"class_list":["post-1517","page","type-page","status-publish","hentry"],"_links":{"self":[{"href":"https:\/\/gardlox.pl\/index.php?rest_route=\/wp\/v2\/pages\/1517","targetHints":{"allow":["GET"]}}],"collection":[{"href":"https:\/\/gardlox.pl\/index.php?rest_route=\/wp\/v2\/pages"}],"about":[{"href":"https:\/\/gardlox.pl\/index.php?rest_route=\/wp\/v2\/types\/page"}],"author":[{"embeddable":true,"href":"https:\/\/gardlox.pl\/index.php?rest_route=\/wp\/v2\/users\/1"}],"replies":[{"embeddable":true,"href":"https:\/\/gardlox.pl\/index.php?rest_route=%2Fwp%2Fv2%2Fcomments&post=1517"}],"version-history":[{"count":14,"href":"https:\/\/gardlox.pl\/index.php?rest_route=\/wp\/v2\/pages\/1517\/revisions"}],"predecessor-version":[{"id":1662,"href":"https:\/\/gardlox.pl\/index.php?rest_route=\/wp\/v2\/pages\/1517\/revisions\/1662"}],"wp:attachment":[{"href":"https:\/\/gardlox.pl\/index.php?rest_route=%2Fwp%2Fv2%2Fmedia&parent=1517"}],"curies":[{"name":"wp","href":"https:\/\/api.w.org\/{rel}","templated":true}]}}