{"id":1601,"date":"2023-07-17T14:26:38","date_gmt":"2023-07-17T12:26:38","guid":{"rendered":"http:\/\/serwer1781763.home.pl\/gardlox\/?page_id=1601"},"modified":"2023-07-25T14:31:50","modified_gmt":"2023-07-25T12:31:50","slug":"skad-suchosc-gardla","status":"publish","type":"page","link":"https:\/\/gardlox.pl\/?page_id=1601","title":{"rendered":"Sk\u0105d sucho\u015b\u0107 gard\u0142a?"},"content":{"rendered":"\t\t<div data-elementor-type=\"wp-page\" data-elementor-id=\"1601\" class=\"elementor elementor-1601\">\n\t\t\t\t\t\t\t\t\t<section class=\"elementor-section elementor-top-section elementor-element elementor-element-4af8947e elementor-section-height-min-height elementor-section-boxed elementor-section-height-default elementor-section-items-middle\" data-id=\"4af8947e\" data-element_type=\"section\" data-settings=\"{&quot;background_background&quot;:&quot;slideshow&quot;,&quot;background_slideshow_gallery&quot;:[{&quot;id&quot;:703,&quot;url&quot;:&quot;http:\\\/\\\/serwer1781763.home.pl\\\/gardlox\\\/wp-content\\\/uploads\\\/2023\\\/05\\\/Slide00.jpg&quot;},{&quot;id&quot;:707,&quot;url&quot;:&quot;http:\\\/\\\/serwer1781763.home.pl\\\/gardlox\\\/wp-content\\\/uploads\\\/2023\\\/05\\\/Slide01-2.jpg&quot;},{&quot;id&quot;:708,&quot;url&quot;:&quot;http:\\\/\\\/serwer1781763.home.pl\\\/gardlox\\\/wp-content\\\/uploads\\\/2023\\\/05\\\/Slide02-2.jpg&quot;},{&quot;id&quot;:600,&quot;url&quot;:&quot;http:\\\/\\\/serwer1781763.home.pl\\\/gardlox\\\/wp-content\\\/uploads\\\/2023\\\/01\\\/Slide03-1.jpg&quot;},{&quot;id&quot;:601,&quot;url&quot;:&quot;http:\\\/\\\/serwer1781763.home.pl\\\/gardlox\\\/wp-content\\\/uploads\\\/2023\\\/01\\\/Slide04-1.jpg&quot;},{&quot;id&quot;:594,&quot;url&quot;:&quot;http:\\\/\\\/serwer1781763.home.pl\\\/gardlox\\\/wp-content\\\/uploads\\\/2023\\\/01\\\/Slide05.jpg&quot;},{&quot;id&quot;:595,&quot;url&quot;:&quot;http:\\\/\\\/serwer1781763.home.pl\\\/gardlox\\\/wp-content\\\/uploads\\\/2023\\\/01\\\/Slide06.jpg&quot;},{&quot;id&quot;:596,&quot;url&quot;:&quot;http:\\\/\\\/serwer1781763.home.pl\\\/gardlox\\\/wp-content\\\/uploads\\\/2023\\\/01\\\/Slide07.jpg&quot;}],&quot;background_slideshow_transition_duration&quot;:400,&quot;background_slideshow_loop&quot;:&quot;yes&quot;,&quot;background_slideshow_slide_duration&quot;:5000,&quot;background_slideshow_slide_transition&quot;:&quot;fade&quot;}\">\n\t\t\t\t\t\t\t<div class=\"elementor-background-overlay\"><\/div>\n\t\t\t\t\t\t\t<div class=\"elementor-container elementor-column-gap-default\">\n\t\t\t\t\t<div class=\"elementor-column elementor-col-50 elementor-top-column elementor-element elementor-element-4c1c8825\" data-id=\"4c1c8825\" data-element_type=\"column\" data-settings=\"{&quot;background_background&quot;:&quot;slideshow&quot;,&quot;background_slideshow_gallery&quot;:[],&quot;background_slideshow_loop&quot;:&quot;yes&quot;,&quot;background_slideshow_slide_duration&quot;:5000,&quot;background_slideshow_slide_transition&quot;:&quot;fade&quot;,&quot;background_slideshow_transition_duration&quot;:500}\">\n\t\t\t<div class=\"elementor-widget-wrap\">\n\t\t\t\t\t\t\t\t\t<\/div>\n\t\t<\/div>\n\t\t\t\t<div class=\"elementor-column elementor-col-50 elementor-top-column elementor-element elementor-element-41b159a6\" data-id=\"41b159a6\" data-element_type=\"column\">\n\t\t\t<div class=\"elementor-widget-wrap\">\n\t\t\t\t\t\t\t\t\t<\/div>\n\t\t<\/div>\n\t\t\t\t\t\t\t<\/div>\n\t\t<\/section>\n\t\t\t\t<section class=\"elementor-section elementor-top-section elementor-element elementor-element-691aef8b elementor-section-boxed elementor-section-height-default elementor-section-height-default\" data-id=\"691aef8b\" data-element_type=\"section\">\n\t\t\t\t\t\t<div class=\"elementor-container elementor-column-gap-default\">\n\t\t\t\t\t<div class=\"elementor-column elementor-col-100 elementor-top-column elementor-element elementor-element-1855ac85\" data-id=\"1855ac85\" data-element_type=\"column\">\n\t\t\t<div class=\"elementor-widget-wrap elementor-element-populated\">\n\t\t\t\t\t\t\t\t<div class=\"elementor-element elementor-element-4f5c477d elementor-widget elementor-widget-heading\" data-id=\"4f5c477d\" data-element_type=\"widget\" data-widget_type=\"heading.default\">\n\t\t\t\t<div class=\"elementor-widget-container\">\n\t\t\t<style>\/*! elementor - v3.13.3 - 28-05-2023 *\/\n.elementor-heading-title{padding:0;margin:0;line-height:1}.elementor-widget-heading .elementor-heading-title[class*=elementor-size-]>a{color:inherit;font-size:inherit;line-height:inherit}.elementor-widget-heading .elementor-heading-title.elementor-size-small{font-size:15px}.elementor-widget-heading .elementor-heading-title.elementor-size-medium{font-size:19px}.elementor-widget-heading .elementor-heading-title.elementor-size-large{font-size:29px}.elementor-widget-heading .elementor-heading-title.elementor-size-xl{font-size:39px}.elementor-widget-heading .elementor-heading-title.elementor-size-xxl{font-size:59px}<\/style><h2 class=\"elementor-heading-title elementor-size-default\">Sk\u0105d sucho\u015b\u0107 gard\u0142a?<\/h2>\t\t<\/div>\n\t\t\t\t<\/div>\n\t\t\t\t\t<\/div>\n\t\t<\/div>\n\t\t\t\t\t\t\t<\/div>\n\t\t<\/section>\n\t\t\t\t<section class=\"elementor-section elementor-top-section elementor-element elementor-element-3208366d elementor-section-boxed elementor-section-height-default elementor-section-height-default\" data-id=\"3208366d\" data-element_type=\"section\">\n\t\t\t\t\t\t<div class=\"elementor-container elementor-column-gap-default\">\n\t\t\t\t\t<div class=\"elementor-column elementor-col-100 elementor-top-column elementor-element elementor-element-4853fd2f\" data-id=\"4853fd2f\" data-element_type=\"column\">\n\t\t\t<div class=\"elementor-widget-wrap elementor-element-populated\">\n\t\t\t\t\t\t\t\t<div class=\"elementor-element elementor-element-3568f7e elementor-widget elementor-widget-text-editor\" data-id=\"3568f7e\" data-element_type=\"widget\" data-widget_type=\"text-editor.default\">\n\t\t\t\t<div class=\"elementor-widget-container\">\n\t\t\t<style>\/*! elementor - v3.13.3 - 28-05-2023 *\/\n.elementor-widget-text-editor.elementor-drop-cap-view-stacked .elementor-drop-cap{background-color:#69727d;color:#fff}.elementor-widget-text-editor.elementor-drop-cap-view-framed .elementor-drop-cap{color:#69727d;border:3px solid;background-color:transparent}.elementor-widget-text-editor:not(.elementor-drop-cap-view-default) .elementor-drop-cap{margin-top:8px}.elementor-widget-text-editor:not(.elementor-drop-cap-view-default) .elementor-drop-cap-letter{width:1em;height:1em}.elementor-widget-text-editor .elementor-drop-cap{float:left;text-align:center;line-height:1;font-size:50px}.elementor-widget-text-editor .elementor-drop-cap-letter{display:inline-block}<\/style>\t\t\t\t<h4>Sucho\u015b\u0107 w gardle to bardzo cz\u0119sta dolegliwo\u015b\u0107, cz\u0119sto spowodowana infekcj\u0105 wirusow\u0105 lub bakteryjn\u0105. Poni\u017cej przedstawiamy najcz\u0119stsze powody sucho\u015bci gard\u0142a u\u0142o\u017cone wed\u0142ug prawdopodobie\u0144stwa ich wyst\u0105pienia.<\/h4>\t\t\t\t\t\t<\/div>\n\t\t\t\t<\/div>\n\t\t\t\t<div class=\"elementor-element elementor-element-76f771a elementor-widget elementor-widget-image\" data-id=\"76f771a\" data-element_type=\"widget\" data-widget_type=\"image.default\">\n\t\t\t\t<div class=\"elementor-widget-container\">\n\t\t\t<style>\/*! elementor - v3.13.3 - 28-05-2023 *\/\n.elementor-widget-image{text-align:center}.elementor-widget-image a{display:inline-block}.elementor-widget-image a img[src$=\".svg\"]{width:48px}.elementor-widget-image img{vertical-align:middle;display:inline-block}<\/style>\t\t\t\t\t\t\t\t\t<figure class=\"wp-caption\">\n\t\t\t\t\t\t\t\t\t\t<img loading=\"lazy\" decoding=\"async\" width=\"900\" height=\"600\" src=\"https:\/\/gardlox.pl\/wp-content\/uploads\/2023\/07\/suchosc-gardla.jpg\" class=\"attachment-full size-full wp-image-1625\" alt=\"\" srcset=\"https:\/\/gardlox.pl\/wp-content\/uploads\/2023\/07\/suchosc-gardla.jpg 900w, https:\/\/gardlox.pl\/wp-content\/uploads\/2023\/07\/suchosc-gardla-300x200.jpg 300w, https:\/\/gardlox.pl\/wp-content\/uploads\/2023\/07\/suchosc-gardla-768x512.jpg 768w\" sizes=\"auto, (max-width: 900px) 100vw, 900px\" \/>\t\t\t\t\t\t\t\t\t\t\t<figcaption class=\"widget-image-caption wp-caption-text\"><\/figcaption>\n\t\t\t\t\t\t\t\t\t\t<\/figure>\n\t\t\t\t\t\t\t\t\t<\/div>\n\t\t\t\t<\/div>\n\t\t\t\t<div class=\"elementor-element elementor-element-ef7c815 elementor-widget elementor-widget-heading\" data-id=\"ef7c815\" data-element_type=\"widget\" data-widget_type=\"heading.default\">\n\t\t\t\t<div class=\"elementor-widget-container\">\n\t\t\t<h3 class=\"elementor-heading-title elementor-size-default\">Przezi\u0119bienie<\/h3>\t\t<\/div>\n\t\t\t\t<\/div>\n\t\t\t\t<div class=\"elementor-element elementor-element-767473e elementor-widget elementor-widget-text-editor\" data-id=\"767473e\" data-element_type=\"widget\" data-widget_type=\"text-editor.default\">\n\t\t\t\t<div class=\"elementor-widget-container\">\n\t\t\t\t\t\t\t<p>Przezi\u0119bienie jest jedn\u0105 z najcz\u0119stszych infekcji wirusowych. Wi\u0119kszo\u015b\u0107 przypadk\u00f3w przezi\u0119bienia mija w ci\u0105gu jednego do dw\u00f3ch tygodni. Objawy przezi\u0119bienia mog\u0105 obejmowa\u0107 katar, kichanie, przekrwienie oraz sucho\u015b\u0107 lub drapanie w gardle..<br \/>Alergiczny nie\u017cyt nosa<br \/>Alergiczny nie\u017cyt nosa, znany r\u00f3wnie\u017c jako katar sienny lub sezonowe alergie, jest cz\u0119st\u0105 reakcj\u0105 alergiczn\u0105. Alergiczny nie\u017cyt nosa mo\u017ce by\u0107 spowodowany przez alergeny, takie jak py\u0142ki ro\u015blin, sier\u015b\u0107 zwierz\u0105t domowych lub kurz. Typowe objawy alergicznego nie\u017cytu nosa to katar, kichanie, \u0142zawienie oczu lub sucho\u015b\u0107 w gardle. <br \/>COVID 19<br \/>COVID-19 to cz\u0119sta choroba uk\u0142adu oddechowego, kt\u00f3ra powoduje r\u00f3\u017cnorodne objawy. Wiele os\u00f3b do\u015bwiadcza gor\u0105czki, kaszlu, sucho\u015bci lub b\u00f3lu gard\u0142a i duszno\u015bci, jednak niekt\u00f3re objawy mog\u0105 by\u0107 bardziej ekstremalne i potencjalnie zagra\u017ca\u0107 \u017cyciu. Szczeg\u00f3lnie nara\u017cone s\u0105 osoby starsze i osoby z os\u0142abionym uk\u0142adem odporno\u015bciowym.<\/p>\t\t\t\t\t\t<\/div>\n\t\t\t\t<\/div>\n\t\t\t\t<div class=\"elementor-element elementor-element-5d668c0 elementor-widget elementor-widget-heading\" data-id=\"5d668c0\" data-element_type=\"widget\" data-widget_type=\"heading.default\">\n\t\t\t\t<div class=\"elementor-widget-container\">\n\t\t\t<h3 class=\"elementor-heading-title elementor-size-default\">Grypa<\/h3>\t\t<\/div>\n\t\t\t\t<\/div>\n\t\t\t\t<div class=\"elementor-element elementor-element-8084002 elementor-widget elementor-widget-text-editor\" data-id=\"8084002\" data-element_type=\"widget\" data-widget_type=\"text-editor.default\">\n\t\t\t\t<div class=\"elementor-widget-container\">\n\t\t\t\t\t\t\t<p>Grypa jest powszechn\u0105 infekcj\u0105 wywo\u0142an\u0105 przez wirusa grypy. Grypa \u0142atwo si\u0119 rozprzestrzenia, a objawy cz\u0119sto rozwijaj\u0105 si\u0119 bardzo szybko. Typowe objawy to gor\u0105czka, b\u00f3le cia\u0142a, nudno\u015bci i wymioty oraz sucho\u015b\u0107 lub b\u00f3l gard\u0142a. Gryp\u0119 leczy lekarz pierwszego kontaktu.<\/p>\t\t\t\t\t\t<\/div>\n\t\t\t\t<\/div>\n\t\t\t\t<div class=\"elementor-element elementor-element-8342e58 elementor-widget elementor-widget-heading\" data-id=\"8342e58\" data-element_type=\"widget\" data-widget_type=\"heading.default\">\n\t\t\t\t<div class=\"elementor-widget-container\">\n\t\t\t<h3 class=\"elementor-heading-title elementor-size-default\">Zapalenie gard\u0142a<\/h3>\t\t<\/div>\n\t\t\t\t<\/div>\n\t\t\t\t<div class=\"elementor-element elementor-element-e0e11ea elementor-widget elementor-widget-text-editor\" data-id=\"e0e11ea\" data-element_type=\"widget\" data-widget_type=\"text-editor.default\">\n\t\t\t\t<div class=\"elementor-widget-container\">\n\t\t\t\t\t\t\t<p>Paciorkowcowe zapalenie gard\u0142a jest cz\u0119st\u0105 infekcj\u0105 wywo\u0142an\u0105 przez bakterie z rodzajuStreptococcus. Angina rozprzestrzenia si\u0119 szybko, a typowe objawy to nag\u0142a gor\u0105czka, dreszcze, sucho\u015b\u0107 w gardle i obrz\u0119k w\u0119z\u0142\u00f3w ch\u0142onnych szyi.<\/p>\t\t\t\t\t\t<\/div>\n\t\t\t\t<\/div>\n\t\t\t\t<div class=\"elementor-element elementor-element-d428d8e elementor-widget elementor-widget-heading\" data-id=\"d428d8e\" data-element_type=\"widget\" data-widget_type=\"heading.default\">\n\t\t\t\t<div class=\"elementor-widget-container\">\n\t\t\t<h3 class=\"elementor-heading-title elementor-size-default\">Mononukleoza<\/h3>\t\t<\/div>\n\t\t\t\t<\/div>\n\t\t\t\t<div class=\"elementor-element elementor-element-3703551 elementor-widget elementor-widget-text-editor\" data-id=\"3703551\" data-element_type=\"widget\" data-widget_type=\"text-editor.default\">\n\t\t\t\t<div class=\"elementor-widget-container\">\n\t\t\t\t\t\t\t<p>Mononukleoza to infekcja wywo\u0142ywana przez wirus Epsteina-Barra. Mononukleoza mo\u017ce by\u0107 przenoszona przez \u015blin\u0119 i jest cz\u0119sto nazywana \u201echorob\u0105 poca\u0142unk\u00f3w\u201d. Osoby z mononukleoz\u0105 mog\u0105 odczuwa\u0107 zm\u0119czenie, b\u00f3l g\u0142owy, b\u00f3l lub sucho\u015b\u0107 w gardle oraz bolesne w\u0119z\u0142y ch\u0142onne na szyi.<\/p>\t\t\t\t\t\t<\/div>\n\t\t\t\t<\/div>\n\t\t\t\t<div class=\"elementor-element elementor-element-6ebd8e3 elementor-widget elementor-widget-image\" data-id=\"6ebd8e3\" data-element_type=\"widget\" data-widget_type=\"image.default\">\n\t\t\t\t<div class=\"elementor-widget-container\">\n\t\t\t\t\t\t\t\t\t\t\t\t<figure class=\"wp-caption\">\n\t\t\t\t\t\t\t\t\t\t<img loading=\"lazy\" decoding=\"async\" width=\"900\" height=\"601\" src=\"https:\/\/gardlox.pl\/wp-content\/uploads\/2023\/07\/bolace-gardlo.jpg\" class=\"attachment-full size-full wp-image-1634\" alt=\"\" srcset=\"https:\/\/gardlox.pl\/wp-content\/uploads\/2023\/07\/bolace-gardlo.jpg 900w, https:\/\/gardlox.pl\/wp-content\/uploads\/2023\/07\/bolace-gardlo-300x200.jpg 300w, https:\/\/gardlox.pl\/wp-content\/uploads\/2023\/07\/bolace-gardlo-768x513.jpg 768w\" sizes=\"auto, (max-width: 900px) 100vw, 900px\" \/>\t\t\t\t\t\t\t\t\t\t\t<figcaption class=\"widget-image-caption wp-caption-text\">Zdj\u0119cie z Freepik<\/figcaption>\n\t\t\t\t\t\t\t\t\t\t<\/figure>\n\t\t\t\t\t\t\t\t\t<\/div>\n\t\t\t\t<\/div>\n\t\t\t\t<div class=\"elementor-element elementor-element-72bfaf2 elementor-widget elementor-widget-heading\" data-id=\"72bfaf2\" data-element_type=\"widget\" data-widget_type=\"heading.default\">\n\t\t\t\t<div class=\"elementor-widget-container\">\n\t\t\t<h3 class=\"elementor-heading-title elementor-size-default\">Odwodnienie<\/h3>\t\t<\/div>\n\t\t\t\t<\/div>\n\t\t\t\t<div class=\"elementor-element elementor-element-c2ae631 elementor-widget elementor-widget-text-editor\" data-id=\"c2ae631\" data-element_type=\"widget\" data-widget_type=\"text-editor.default\">\n\t\t\t\t<div class=\"elementor-widget-container\">\n\t\t\t\t\t\t\t<p>Odwodnienie wyst\u0119puje, gdy dana osoba nie pije tyle wody, ile potrzebuje jej organizm. Wi\u0119kszo\u015b\u0107 przypadk\u00f3w odwodnienia jest \u0142agodna, jednak niekt\u00f3re przypadki mog\u0105 mie\u0107 znacznie powa\u017cniejsze skutki. Objawy odwodnienia mog\u0105 obejmowa\u0107 sucho\u015b\u0107 w jamie ustnej i gardle, rzadkie oddawanie moczu, b\u00f3le g\u0142owy lub skurcze mi\u0119\u015bni.<\/p>\t\t\t\t\t\t<\/div>\n\t\t\t\t<\/div>\n\t\t\t\t<div class=\"elementor-element elementor-element-e069008 elementor-widget elementor-widget-heading\" data-id=\"e069008\" data-element_type=\"widget\" data-widget_type=\"heading.default\">\n\t\t\t\t<div class=\"elementor-widget-container\">\n\t\t\t<h3 class=\"elementor-heading-title elementor-size-default\">Obturacyjny bezdech senny<\/h3>\t\t<\/div>\n\t\t\t\t<\/div>\n\t\t\t\t<div class=\"elementor-element elementor-element-8ead19f elementor-widget elementor-widget-text-editor\" data-id=\"8ead19f\" data-element_type=\"widget\" data-widget_type=\"text-editor.default\">\n\t\t\t\t<div class=\"elementor-widget-container\">\n\t\t\t\t\t\t\t<p>Obturacyjny bezdech senny to stan, w kt\u00f3rym oddech osoby zatrzymuje si\u0119 podczas snu. G\u0142o\u015bne chrapanie jest najcz\u0119stszym objawem bezdechu sennego, ale osoby mog\u0105 r\u00f3wnie\u017c zauwa\u017cy\u0107 nadmierne zm\u0119czenie lub sucho\u015b\u0107 w gardle.<\/p>\t\t\t\t\t\t<\/div>\n\t\t\t\t<\/div>\n\t\t\t\t<div class=\"elementor-element elementor-element-d004040 elementor-widget elementor-widget-heading\" data-id=\"d004040\" data-element_type=\"widget\" data-widget_type=\"heading.default\">\n\t\t\t\t<div class=\"elementor-widget-container\">\n\t\t\t<h3 class=\"elementor-heading-title elementor-size-default\">Choroba refluksowa prze\u0142yku<\/h3>\t\t<\/div>\n\t\t\t\t<\/div>\n\t\t\t\t<div class=\"elementor-element elementor-element-4abf650 elementor-widget elementor-widget-text-editor\" data-id=\"4abf650\" data-element_type=\"widget\" data-widget_type=\"text-editor.default\">\n\t\t\t\t<div class=\"elementor-widget-container\">\n\t\t\t\t\t\t\t<p>Choroba refluksowa prze\u0142yku to stan, w kt\u00f3rym zawarto\u015b\u0107 \u017co\u0142\u0105dka cofa si\u0119 przez \u017co\u0142\u0105dek do prze\u0142yku. Refluks mo\u017ce podra\u017cnia\u0107 gard\u0142o i cz\u0119sto powoduje zgag\u0119, kaszel lub \u015bwiszcz\u0105cy oddech oraz b\u00f3l lub sucho\u015b\u0107 w gardle. <\/p>\t\t\t\t\t\t<\/div>\n\t\t\t\t<\/div>\n\t\t\t\t<div class=\"elementor-element elementor-element-1c4f6fd elementor-widget elementor-widget-text-editor\" data-id=\"1c4f6fd\" data-element_type=\"widget\" data-widget_type=\"text-editor.default\">\n\t\t\t\t<div class=\"elementor-widget-container\">\n\t\t\t\t\t\t\t<p>\u017br\u00f3d\u0142o:<br \/><a href=\"https:\/\/www.medicalnewstoday.com\/articles\/321201\">https:\/\/www.medicalnewstoday.com\/articles\/321201<\/a><br \/>XerostomiaBilalTalha , Suman A. Swarnkar In: StatPearls [Internet]. Treasure Island (FL): StatPearls Publishing; 2023 Jan.2023 Mar 24.<\/p>\t\t\t\t\t\t<\/div>\n\t\t\t\t<\/div>\n\t\t\t\t\t<\/div>\n\t\t<\/div>\n\t\t\t\t\t\t\t<\/div>\n\t\t<\/section>\n\t\t\t\t\t\t\t<\/div>\n\t\t","protected":false},"excerpt":{"rendered":"<p>Sk\u0105d sucho\u015b\u0107 gard\u0142a? Sucho\u015b\u0107 w gardle to bardzo cz\u0119sta dolegliwo\u015b\u0107, cz\u0119sto spowodowana infekcj\u0105 wirusow\u0105 lub bakteryjn\u0105. Poni\u017cej przedstawiamy najcz\u0119stsze powody sucho\u015bci gard\u0142a u\u0142o\u017cone wed\u0142ug prawdopodobie\u0144stwa ich wyst\u0105pienia. Przezi\u0119bienie Przezi\u0119bienie jest jedn\u0105 z najcz\u0119stszych infekcji wirusowych. Wi\u0119kszo\u015b\u0107 przypadk\u00f3w przezi\u0119bienia mija w ci\u0105gu jednego do dw\u00f3ch tygodni. Objawy przezi\u0119bienia mog\u0105 obejmowa\u0107 katar, kichanie, przekrwienie oraz sucho\u015b\u0107 lub [&hellip;]<\/p>\n","protected":false},"author":1,"featured_media":0,"parent":0,"menu_order":0,"comment_status":"closed","ping_status":"closed","template":"elementor_header_footer","meta":{"footnotes":""},"class_list":["post-1601","page","type-page","status-publish","hentry"],"_links":{"self":[{"href":"https:\/\/gardlox.pl\/index.php?rest_route=\/wp\/v2\/pages\/1601","targetHints":{"allow":["GET"]}}],"collection":[{"href":"https:\/\/gardlox.pl\/index.php?rest_route=\/wp\/v2\/pages"}],"about":[{"href":"https:\/\/gardlox.pl\/index.php?rest_route=\/wp\/v2\/types\/page"}],"author":[{"embeddable":true,"href":"https:\/\/gardlox.pl\/index.php?rest_route=\/wp\/v2\/users\/1"}],"replies":[{"embeddable":true,"href":"https:\/\/gardlox.pl\/index.php?rest_route=%2Fwp%2Fv2%2Fcomments&post=1601"}],"version-history":[{"count":22,"href":"https:\/\/gardlox.pl\/index.php?rest_route=\/wp\/v2\/pages\/1601\/revisions"}],"predecessor-version":[{"id":1659,"href":"https:\/\/gardlox.pl\/index.php?rest_route=\/wp\/v2\/pages\/1601\/revisions\/1659"}],"wp:attachment":[{"href":"https:\/\/gardlox.pl\/index.php?rest_route=%2Fwp%2Fv2%2Fmedia&parent=1601"}],"curies":[{"name":"wp","href":"https:\/\/api.w.org\/{rel}","templated":true}]}}